{"id":271,"date":"2022-01-12T16:04:30","date_gmt":"2022-01-12T16:04:30","guid":{"rendered":"https:\/\/blog.germigarden.com\/?page_id=271"},"modified":"2022-07-18T09:43:27","modified_gmt":"2022-07-18T07:43:27","slug":"comeco-blog-do-germigarden","status":"publish","type":"page","link":"https:\/\/blog.germigarden.com\/pt-pt\/","title":{"rendered":"Come\u00e7o"},"content":{"rendered":"<p>[et_pb_section fb_built=&#8221;1&#8243; inner_shadow=&#8221;on&#8221; admin_label=&#8221;Blog&#8221; _builder_version=&#8221;4.14.4&#8243; _module_preset=&#8221;default&#8221; background_color=&#8221;#EDF7E8&#8243; background_enable_image=&#8221;off&#8221; background_position=&#8221;top_center&#8221; custom_padding=&#8221;||0px||false|false&#8221; locked=&#8221;off&#8221; global_colors_info=&#8221;{}&#8221;][et_pb_row _builder_version=&#8221;4.14.4&#8243; _module_preset=&#8221;default&#8221; background_color=&#8221;RGBA(255,255,255,0)&#8221; background_enable_image=&#8221;off&#8221; parallax=&#8221;on&#8221; width=&#8221;100%&#8221; border_color_all=&#8221;#036410&#8243; global_colors_info=&#8221;{}&#8221;][et_pb_column type=&#8221;4_4&#8243; _builder_version=&#8221;4.9.4&#8243; _module_preset=&#8221;default&#8221; global_colors_info=&#8221;{}&#8221;][et_pb_text _builder_version=&#8221;4.14.4&#8243; _module_preset=&#8221;b0bf5418-994a-43d1-aef8-7d7c6764119d&#8221; header_font=&#8221;Tajawal|900|||||||&#8221; header_text_color=&#8221;#000000&#8243; header_font_size=&#8221;100px&#8221; header_font_size_tablet=&#8221;50px&#8221; header_font_size_phone=&#8221;32px&#8221; header_font_size_last_edited=&#8221;on|phone&#8221; locked=&#8221;off&#8221; global_colors_info=&#8221;{}&#8221;]<\/p>\n<h1>Blog do GermiGarden<\/h1>\n<p>[\/et_pb_text][\/et_pb_column][\/et_pb_row][\/et_pb_section][et_pb_section fb_built=&#8221;1&#8243; admin_label=&#8221;Footer&#8221; _builder_version=&#8221;4.14.4&#8243; _module_preset=&#8221;default&#8221; background_color=&#8221;#FFFFFF&#8221; use_background_color_gradient=&#8221;on&#8221; background_color_gradient_start=&#8221;rgba(255,255,255,0)&#8221; background_color_gradient_end=&#8221;rgba(255,255,255,0)&#8221; background_color_gradient_direction=&#8221;1deg&#8221; background_enable_image=&#8221;off&#8221; background_repeat=&#8221;repeat&#8221; custom_margin=&#8221;||||false|false&#8221; saved_tabs=&#8221;all&#8221; global_colors_info=&#8221;{}&#8221;][et_pb_row column_structure=&#8221;2_3,1_3&#8243; _builder_version=&#8221;4.14.4&#8243; _module_preset=&#8221;default&#8221; animation_style=&#8221;fade&#8221; global_colors_info=&#8221;{}&#8221;][et_pb_column type=&#8221;2_3&#8243; _builder_version=&#8221;4.9.4&#8243; _module_preset=&#8221;default&#8221; global_colors_info=&#8221;{}&#8221;][et_pb_post_slider posts_number=&#8221;5&#8243; use_manual_excerpt=&#8221;off&#8221; excerpt_length=&#8221;300&#8243; show_meta=&#8221;off&#8221; use_bg_overlay=&#8221;off&#8221; use_text_overlay=&#8221;on&#8221; text_overlay_color=&#8221;rgba(255,255,255,0.74)&#8221; text_border_radius=&#8221;0px&#8221; arrows_custom_color=&#8221;#000000&#8243; dot_nav_custom_color=&#8221;#000000&#8243; _builder_version=&#8221;4.14.4&#8243; _module_preset=&#8221;default&#8221; header_font=&#8221;Tajawal|700|||||||&#8221; header_text_color=&#8221;#244435&#8243; header_font_size=&#8221;40px&#8221; body_text_color=&#8221;#666666&#8243; body_line_height=&#8221;2em&#8221; background_color=&#8221;#FFFFFF&#8221; custom_button=&#8221;on&#8221; button_text_size=&#8221;12px&#8221; button_text_color=&#8221;#FFFFFF&#8221; button_bg_color=&#8221;#244435&#8243; button_border_width=&#8221;0px&#8221; button_border_radius=&#8221;0px&#8221; button_letter_spacing=&#8221;3px&#8221; button_font=&#8221;Tajawal|700||on|||||&#8221; button_custom_padding=&#8221;15px|30px|15px|30px|true|true&#8221; text_orientation=&#8221;left&#8221; background_layout=&#8221;light&#8221; custom_padding=&#8221;0px||0px||false|false&#8221; animation_style=&#8221;fade&#8221; auto=&#8221;on&#8221; header_font_size_tablet=&#8221;30px&#8221; header_font_size_phone=&#8221;20px&#8221; header_font_size_last_edited=&#8221;on|desktop&#8221; border_radii_image=&#8221;off||||&#8221; border_radii_image_tablet=&#8221;off||||&#8221; border_radii_image_phone=&#8221;off||||&#8221; border_radii_image_last_edited=&#8221;on|tablet&#8221; box_shadow_style=&#8221;preset3&#8243; box_shadow_vertical=&#8221;39px&#8221; box_shadow_blur=&#8221;74px&#8221; box_shadow_spread=&#8221;-8px&#8221; box_shadow_color=&#8221;rgba(0,0,0,0.16)&#8221; box_shadow_style_button=&#8221;preset3&#8243; box_shadow_vertical_button=&#8221;33px&#8221; box_shadow_blur_button=&#8221;40px&#8221; box_shadow_spread_button=&#8221;-10px&#8221; box_shadow_color_button=&#8221;rgba(0,0,0,0.18)&#8221; locked=&#8221;off&#8221; global_colors_info=&#8221;{%22gcid-87cad038-7afd-4dda-acb0-0a24d4ccd112%22:%91%93,%22gcid-87ce0c3f-2a7b-40dd-8a42-4148be75d651%22:%91%93,%22gcid-431bd12a-5227-4536-9132-2528c0596703%22:%91%93}&#8221;][\/et_pb_post_slider][et_pb_search button_color=&#8221;#000000&#8243; placeholder_color=&#8221;rgba(124,218,36,0.52)&#8221; _builder_version=&#8221;4.14.4&#8243; _module_preset=&#8221;default&#8221; form_field_background_color=&#8221;#FFFFFF&#8221; form_field_text_color=&#8221;rgba(124,218,36,0.52)&#8221; form_field_focus_background_color=&#8221;rgba(124,218,36,0.52)&#8221; form_field_focus_text_color=&#8221;rgba(124,218,36,0.52)&#8221; button_font=&#8221;Tajawal|800|||||||&#8221; button_text_color=&#8221;#FFFFFF&#8221; button_letter_spacing=&#8221;2px&#8221; background_color=&#8221;rgba(124,218,36,0.52)&#8221; border_radii=&#8221;on|0px|0px|0px|0px&#8221; border_color_all=&#8221;rgba(124,218,36,0.52)&#8221; global_colors_info=&#8221;{}&#8221;][\/et_pb_search][et_pb_blog_extras blog_layout=&#8221;block_extended&#8221; show_comments=&#8221;off&#8221; _builder_version=&#8221;4.14.4&#8243; _module_preset=&#8221;default&#8221; global_colors_info=&#8221;{}&#8221;][\/et_pb_blog_extras][et_pb_signup name_field=&#8221;on&#8221; title=&#8221;Inscreva-se no Blog GermiGarden&#8221; description=&#8221;<\/p>\n<p>O blog GermiGarden \u00e9 um portal de informa\u00e7\u00f5es e conhecimento sobre o mundo vegetal.<\/p>\n<p>&#8221; disabled_on=&#8221;on|on|off&#8221; _builder_version=&#8221;4.14.4&#8243; _module_preset=&#8221;default&#8221; form_field_background_color=&#8221;#FFFFFF&#8221; form_field_text_color=&#8221;#a7b4ae&#8221; header_font=&#8221;Tajawal|700|||||||&#8221; header_font_size=&#8221;36px&#8221; header_line_height=&#8221;1.2em&#8221; form_field_font=&#8221;Tajawal|600||on|||||&#8221; form_field_font_size=&#8221;12px&#8221; form_field_letter_spacing=&#8221;3px&#8221; form_field_line_height=&#8221;3em&#8221; background_color=&#8221;rgba(124,218,36,0.52)&#8221; custom_button=&#8221;on&#8221; button_text_size=&#8221;12px&#8221; button_text_color=&#8221;#FFFFFF&#8221; button_bg_color=&#8221;#000000&#8243; button_border_width=&#8221;0px&#8221; button_border_radius=&#8221;0px&#8221; button_letter_spacing=&#8221;3px&#8221; button_font=&#8221;Tajawal|700||on|||||&#8221; button_custom_padding=&#8221;20px|20px|20px|20px|true|true&#8221; max_width=&#8221;700px&#8221; max_width_last_edited=&#8221;off|desktop&#8221; module_alignment=&#8221;center&#8221; hover_enabled=&#8221;0&#8243; border_radii_fields=&#8221;on|0px|0px|0px|0px&#8221; box_shadow_style_fields=&#8221;preset3&#8243; box_shadow_vertical_fields=&#8221;33px&#8221; box_shadow_blur_fields=&#8221;40px&#8221; box_shadow_spread_fields=&#8221;-10px&#8221; box_shadow_color_fields=&#8221;rgba(0,0,0,0.18)&#8221; box_shadow_style_button=&#8221;preset3&#8243; box_shadow_vertical_button=&#8221;33px&#8221; box_shadow_blur_button=&#8221;40px&#8221; box_shadow_spread_button=&#8221;-10px&#8221; box_shadow_color_button=&#8221;rgba(0,0,0,0.18)&#8221; locked=&#8221;off&#8221; global_colors_info=&#8221;{%22gcid-431bd12a-5227-4536-9132-2528c0596703%22:%91%93,%22gcid-87cad038-7afd-4dda-acb0-0a24d4ccd112%22:%91%93,%22gcid-87ce0c3f-2a7b-40dd-8a42-4148be75d651%22:%91%93}&#8221; provider=&#8221;sendinblue&#8221; sendinblue_list=&#8221;germigarden@gmailcom|22&#8243; sticky_enabled=&#8221;0&#8243;][\/et_pb_signup][\/et_pb_column][et_pb_column type=&#8221;1_3&#8243; _builder_version=&#8221;4.9.4&#8243; _module_preset=&#8221;default&#8221; global_colors_info=&#8221;{}&#8221;][et_pb_search button_color=&#8221;#000000&#8243; placeholder_color=&#8221;rgba(124,218,36,0.52)&#8221; _builder_version=&#8221;4.14.4&#8243; _module_preset=&#8221;default&#8221; form_field_background_color=&#8221;#FFFFFF&#8221; form_field_text_color=&#8221;rgba(124,218,36,0.52)&#8221; form_field_focus_background_color=&#8221;rgba(124,218,36,0.52)&#8221; form_field_focus_text_color=&#8221;rgba(124,218,36,0.52)&#8221; button_font=&#8221;Tajawal|800|||||||&#8221; button_text_color=&#8221;#FFFFFF&#8221; button_letter_spacing=&#8221;2px&#8221; background_color=&#8221;rgba(124,218,36,0.52)&#8221; border_radii=&#8221;on|0px|0px|0px|0px&#8221; border_color_all=&#8221;rgba(124,218,36,0.52)&#8221; global_colors_info=&#8221;{}&#8221;][\/et_pb_search][et_pb_social_media_follow _builder_version=&#8221;4.14.4&#8243; _module_preset=&#8221;default&#8221; text_orientation=&#8221;center&#8221; global_colors_info=&#8221;{}&#8221;][et_pb_social_media_follow_network social_network=&#8221;instagram&#8221; url=&#8221;https:\/\/www.instagram.com\/germigarden\/&#8221; _builder_version=&#8221;4.14.4&#8243; _module_preset=&#8221;default&#8221; background_color=&#8221;#ea2c59&#8243; global_colors_info=&#8221;{}&#8221; follow_button=&#8221;off&#8221; url_new_window=&#8221;on&#8221;]instagram[\/et_pb_social_media_follow_network][\/et_pb_social_media_follow][et_pb_slider show_arrows=&#8221;off&#8221; show_pagination=&#8221;off&#8221; _builder_version=&#8221;4.14.4&#8243; _module_preset=&#8221;default&#8221; background_image=&#8221;https:\/\/blog.germigarden.com\/wp-content\/uploads\/2022\/02\/visual-stories-micheile-UyS1d4ujF34-unsplash-scaled-e1644589130195.jpg&#8221; filter_brightness=&#8221;96%&#8221; link_option_url=&#8221;https:\/\/www.germigarden.com\/pt\/&#8221; global_colors_info=&#8221;{}&#8221;][et_pb_slide heading=&#8221;Loja GermiGarden&#8221; button_text=&#8221;Loja&#8221; button_link=&#8221;https:\/\/www.germigarden.com\/pt\/&#8221; _builder_version=&#8221;4.14.4&#8243; _module_preset=&#8221;default&#8221; header_font=&#8221;Tajawal|900|||||||&#8221; header_text_color=&#8221;#FFFFFF&#8221; header_font_size=&#8221;36px&#8221; custom_button=&#8221;on&#8221; button_text_size=&#8221;21px&#8221; button_font=&#8221;Tajawal|900|||||||&#8221; button_use_icon=&#8221;off&#8221; link_option_url=&#8221;https:\/\/www.germigarden.com\/pt\/&#8221; global_colors_info=&#8221;{}&#8221; sticky_transition=&#8221;on&#8221;]<\/p>\n<p><span>O lugar para comprar plantas, sementes, bulbos e produtos para o mundo vegetal. Uma oferta para o seu terra\u00e7o ou jardim.<\/span><\/p>\n<p>[\/et_pb_slide][\/et_pb_slider][et_pb_post_slider use_manual_excerpt=&#8221;off&#8221; show_meta=&#8221;off&#8221; use_text_overlay=&#8221;off&#8221; _builder_version=&#8221;4.14.4&#8243; _module_preset=&#8221;default&#8221; custom_button=&#8221;on&#8221; button_text_color=&#8221;#FFFFFF&#8221; button_border_color=&#8221;#FFFFFF&#8221; button_font=&#8221;Tajawal|800|||||||&#8221; button_on_hover=&#8221;off&#8221; global_colors_info=&#8221;{}&#8221;][\/et_pb_post_slider][et_pb_signup provider=&#8221;sendinblue&#8221; sendinblue_list=&#8221;germigarden@gmailcom|22&#8243; name_field=&#8221;on&#8221; title=&#8221;Inscreva-se no Blog GermiGarden&#8221; description=&#8221;<\/p>\n<p>O blog GermiGarden \u00e9 um portal de informa\u00e7\u00f5es e conhecimento sobre o mundo vegetal.<\/p>\n<p>&#8221; disabled_on=&#8221;on|on|off&#8221; _builder_version=&#8221;4.14.4&#8243; _module_preset=&#8221;default&#8221; form_field_background_color=&#8221;#FFFFFF&#8221; form_field_text_color=&#8221;#a7b4ae&#8221; header_font=&#8221;Tajawal|700|||||||&#8221; header_font_size=&#8221;36px&#8221; header_line_height=&#8221;1.2em&#8221; form_field_font=&#8221;Tajawal|600||on|||||&#8221; form_field_font_size=&#8221;12px&#8221; form_field_letter_spacing=&#8221;3px&#8221; form_field_line_height=&#8221;3em&#8221; background_color=&#8221;rgba(124,218,36,0.52)&#8221; custom_button=&#8221;on&#8221; button_text_size=&#8221;12px&#8221; button_text_color=&#8221;#FFFFFF&#8221; button_bg_color=&#8221;#000000&#8243; button_border_width=&#8221;0px&#8221; button_border_radius=&#8221;0px&#8221; button_letter_spacing=&#8221;3px&#8221; button_font=&#8221;Tajawal|700||on|||||&#8221; button_custom_padding=&#8221;20px|20px|20px|20px|true|true&#8221; max_width=&#8221;700px&#8221; max_width_last_edited=&#8221;off|desktop&#8221; module_alignment=&#8221;center&#8221; hover_enabled=&#8221;0&#8243; border_radii_fields=&#8221;on|0px|0px|0px|0px&#8221; box_shadow_style_fields=&#8221;preset3&#8243; box_shadow_vertical_fields=&#8221;33px&#8221; box_shadow_blur_fields=&#8221;40px&#8221; box_shadow_spread_fields=&#8221;-10px&#8221; box_shadow_color_fields=&#8221;rgba(0,0,0,0.18)&#8221; box_shadow_style_button=&#8221;preset3&#8243; box_shadow_vertical_button=&#8221;33px&#8221; box_shadow_blur_button=&#8221;40px&#8221; box_shadow_spread_button=&#8221;-10px&#8221; box_shadow_color_button=&#8221;rgba(0,0,0,0.18)&#8221; locked=&#8221;off&#8221; global_colors_info=&#8221;{%22gcid-431bd12a-5227-4536-9132-2528c0596703%22:%91%93,%22gcid-87cad038-7afd-4dda-acb0-0a24d4ccd112%22:%91%93,%22gcid-87ce0c3f-2a7b-40dd-8a42-4148be75d651%22:%91%93}&#8221; sticky_enabled=&#8221;0&#8243;][\/et_pb_signup][et_pb_text _builder_version=&#8221;4.14.4&#8243; _module_preset=&#8221;default&#8221; global_colors_info=&#8221;{}&#8221;]<\/p>\n<p>[instagram-feed feed=2]<\/p>\n<p>[\/et_pb_text][\/et_pb_column][\/et_pb_row][\/et_pb_section]<\/p>\n","protected":false},"excerpt":{"rendered":"<p>Blog do GermiGardeninstagramO lugar para comprar plantas, sementes, bulbos e produtos para o mundo vegetal. Uma oferta para o seu terra\u00e7o ou jardim.[instagram-feed feed=2]<\/p>\n","protected":false},"author":1,"featured_media":0,"parent":0,"menu_order":0,"comment_status":"closed","ping_status":"closed","template":"","meta":{"_et_pb_use_builder":"on","_et_pb_old_content":"","_et_gb_content_width":"","footnotes":""},"class_list":["post-271","page","type-page","status-publish","hentry"],"yoast_head":"<!-- This site is optimized with the Yoast SEO plugin v20.5 - https:\/\/yoast.com\/wordpress\/plugins\/seo\/ -->\n<title>Come\u00e7o - Germigarden | Blog<\/title>\n<meta name=\"description\" content=\"Conoce m\u00e1s sobre en el Blog de GermiGarden.\" \/>\n<meta name=\"robots\" content=\"index, follow, max-snippet:-1, max-image-preview:large, max-video-preview:-1\" \/>\n<link rel=\"canonical\" href=\"https:\/\/blog.germigarden.com\/pt-pt\/\" \/>\n<meta property=\"og:locale\" content=\"pt_PT\" \/>\n<meta property=\"og:type\" content=\"article\" \/>\n<meta property=\"og:title\" content=\"Come\u00e7o - Germigarden | Blog\" \/>\n<meta property=\"og:description\" content=\"Conoce m\u00e1s sobre en el Blog de GermiGarden.\" \/>\n<meta property=\"og:url\" content=\"https:\/\/blog.germigarden.com\/pt-pt\/\" \/>\n<meta property=\"og:site_name\" content=\"Germigarden | Blog\" \/>\n<meta property=\"article:publisher\" content=\"https:\/\/www.instagram.com\/germigarden\/?hl=es\" \/>\n<meta property=\"article:modified_time\" content=\"2022-07-18T07:43:27+00:00\" \/>\n<meta name=\"twitter:card\" content=\"summary_large_image\" \/>\n<meta name=\"twitter:label1\" content=\"Tempo estimado de leitura\" \/>\n\t<meta name=\"twitter:data1\" content=\"7 minutos\" \/>\n<script type=\"application\/ld+json\" class=\"yoast-schema-graph\">{\"@context\":\"https:\/\/schema.org\",\"@graph\":[{\"@type\":\"WebPage\",\"@id\":\"https:\/\/blog.germigarden.com\/pt-pt\/\",\"url\":\"https:\/\/blog.germigarden.com\/pt-pt\/\",\"name\":\"Come\u00e7o - Germigarden | Blog\",\"isPartOf\":{\"@id\":\"https:\/\/blog.germigarden.com\/pt-pt\/#website\"},\"datePublished\":\"2022-01-12T16:04:30+00:00\",\"dateModified\":\"2022-07-18T07:43:27+00:00\",\"description\":\"Conoce m\u00e1s sobre en el Blog de GermiGarden.\",\"breadcrumb\":{\"@id\":\"https:\/\/blog.germigarden.com\/pt-pt\/#breadcrumb\"},\"inLanguage\":\"pt-PT\",\"potentialAction\":[{\"@type\":\"ReadAction\",\"target\":[\"https:\/\/blog.germigarden.com\/pt-pt\/\"]}]},{\"@type\":\"BreadcrumbList\",\"@id\":\"https:\/\/blog.germigarden.com\/pt-pt\/#breadcrumb\",\"itemListElement\":[{\"@type\":\"ListItem\",\"position\":1,\"name\":\"Portada\",\"item\":\"https:\/\/blog.germigarden.com\/pt-pt\/\"},{\"@type\":\"ListItem\",\"position\":2,\"name\":\"Come\u00e7o\"}]},{\"@type\":\"WebSite\",\"@id\":\"https:\/\/blog.germigarden.com\/pt-pt\/#website\",\"url\":\"https:\/\/blog.germigarden.com\/pt-pt\/\",\"name\":\"Blog de GermiGarden\",\"description\":\"El blog de tu garden online\",\"publisher\":{\"@id\":\"https:\/\/blog.germigarden.com\/pt-pt\/#organization\"},\"potentialAction\":[{\"@type\":\"SearchAction\",\"target\":{\"@type\":\"EntryPoint\",\"urlTemplate\":\"https:\/\/blog.germigarden.com\/pt-pt\/?s={search_term_string}\"},\"query-input\":\"required name=search_term_string\"}],\"inLanguage\":\"pt-PT\"},{\"@type\":\"Organization\",\"@id\":\"https:\/\/blog.germigarden.com\/pt-pt\/#organization\",\"name\":\"Blog de GermiGarden\",\"url\":\"https:\/\/blog.germigarden.com\/pt-pt\/\",\"logo\":{\"@type\":\"ImageObject\",\"inLanguage\":\"pt-PT\",\"@id\":\"https:\/\/blog.germigarden.com\/pt-pt\/#\/schema\/logo\/image\/\",\"url\":\"https:\/\/blog.germigarden.com\/wp-content\/uploads\/2022\/04\/germigarden.png\",\"contentUrl\":\"https:\/\/blog.germigarden.com\/wp-content\/uploads\/2022\/04\/germigarden.png\",\"width\":252,\"height\":116,\"caption\":\"Blog de GermiGarden\"},\"image\":{\"@id\":\"https:\/\/blog.germigarden.com\/pt-pt\/#\/schema\/logo\/image\/\"},\"sameAs\":[\"https:\/\/www.instagram.com\/germigarden\/?hl=es\",\"https:\/\/www.youtube.com\/channel\/UCZNxfjmIpZZFt1XYLH7vEOQ\"]}]}<\/script>\n<!-- \/ Yoast SEO plugin. -->","yoast_head_json":{"title":"Come\u00e7o - Germigarden | Blog","description":"Conoce m\u00e1s sobre en el Blog de GermiGarden.","robots":{"index":"index","follow":"follow","max-snippet":"max-snippet:-1","max-image-preview":"max-image-preview:large","max-video-preview":"max-video-preview:-1"},"canonical":"https:\/\/blog.germigarden.com\/pt-pt\/","og_locale":"pt_PT","og_type":"article","og_title":"Come\u00e7o - Germigarden | Blog","og_description":"Conoce m\u00e1s sobre en el Blog de GermiGarden.","og_url":"https:\/\/blog.germigarden.com\/pt-pt\/","og_site_name":"Germigarden | Blog","article_publisher":"https:\/\/www.instagram.com\/germigarden\/?hl=es","article_modified_time":"2022-07-18T07:43:27+00:00","twitter_card":"summary_large_image","twitter_misc":{"Tempo estimado de leitura":"7 minutos"},"schema":{"@context":"https:\/\/schema.org","@graph":[{"@type":"WebPage","@id":"https:\/\/blog.germigarden.com\/pt-pt\/","url":"https:\/\/blog.germigarden.com\/pt-pt\/","name":"Come\u00e7o - Germigarden | Blog","isPartOf":{"@id":"https:\/\/blog.germigarden.com\/pt-pt\/#website"},"datePublished":"2022-01-12T16:04:30+00:00","dateModified":"2022-07-18T07:43:27+00:00","description":"Conoce m\u00e1s sobre en el Blog de GermiGarden.","breadcrumb":{"@id":"https:\/\/blog.germigarden.com\/pt-pt\/#breadcrumb"},"inLanguage":"pt-PT","potentialAction":[{"@type":"ReadAction","target":["https:\/\/blog.germigarden.com\/pt-pt\/"]}]},{"@type":"BreadcrumbList","@id":"https:\/\/blog.germigarden.com\/pt-pt\/#breadcrumb","itemListElement":[{"@type":"ListItem","position":1,"name":"Portada","item":"https:\/\/blog.germigarden.com\/pt-pt\/"},{"@type":"ListItem","position":2,"name":"Come\u00e7o"}]},{"@type":"WebSite","@id":"https:\/\/blog.germigarden.com\/pt-pt\/#website","url":"https:\/\/blog.germigarden.com\/pt-pt\/","name":"Blog de GermiGarden","description":"El blog de tu garden online","publisher":{"@id":"https:\/\/blog.germigarden.com\/pt-pt\/#organization"},"potentialAction":[{"@type":"SearchAction","target":{"@type":"EntryPoint","urlTemplate":"https:\/\/blog.germigarden.com\/pt-pt\/?s={search_term_string}"},"query-input":"required name=search_term_string"}],"inLanguage":"pt-PT"},{"@type":"Organization","@id":"https:\/\/blog.germigarden.com\/pt-pt\/#organization","name":"Blog de GermiGarden","url":"https:\/\/blog.germigarden.com\/pt-pt\/","logo":{"@type":"ImageObject","inLanguage":"pt-PT","@id":"https:\/\/blog.germigarden.com\/pt-pt\/#\/schema\/logo\/image\/","url":"https:\/\/blog.germigarden.com\/wp-content\/uploads\/2022\/04\/germigarden.png","contentUrl":"https:\/\/blog.germigarden.com\/wp-content\/uploads\/2022\/04\/germigarden.png","width":252,"height":116,"caption":"Blog de GermiGarden"},"image":{"@id":"https:\/\/blog.germigarden.com\/pt-pt\/#\/schema\/logo\/image\/"},"sameAs":["https:\/\/www.instagram.com\/germigarden\/?hl=es","https:\/\/www.youtube.com\/channel\/UCZNxfjmIpZZFt1XYLH7vEOQ"]}]}},"_links":{"self":[{"href":"https:\/\/blog.germigarden.com\/pt-pt\/wp-json\/wp\/v2\/pages\/271","targetHints":{"allow":["GET"]}}],"collection":[{"href":"https:\/\/blog.germigarden.com\/pt-pt\/wp-json\/wp\/v2\/pages"}],"about":[{"href":"https:\/\/blog.germigarden.com\/pt-pt\/wp-json\/wp\/v2\/types\/page"}],"author":[{"embeddable":true,"href":"https:\/\/blog.germigarden.com\/pt-pt\/wp-json\/wp\/v2\/users\/1"}],"replies":[{"embeddable":true,"href":"https:\/\/blog.germigarden.com\/pt-pt\/wp-json\/wp\/v2\/comments?post=271"}],"version-history":[{"count":13,"href":"https:\/\/blog.germigarden.com\/pt-pt\/wp-json\/wp\/v2\/pages\/271\/revisions"}],"predecessor-version":[{"id":4492,"href":"https:\/\/blog.germigarden.com\/pt-pt\/wp-json\/wp\/v2\/pages\/271\/revisions\/4492"}],"wp:attachment":[{"href":"https:\/\/blog.germigarden.com\/pt-pt\/wp-json\/wp\/v2\/media?parent=271"}],"curies":[{"name":"wp","href":"https:\/\/api.w.org\/{rel}","templated":true}]}}